{"id":743,"date":"2020-10-20T14:42:35","date_gmt":"2020-10-20T14:42:35","guid":{"rendered":"http:\/\/www.alakran.ch\/nouveausite2020\/?page_id=743"},"modified":"2024-01-19T15:21:05","modified_gmt":"2024-01-19T15:21:05","slug":"","status":"publish","type":"page","link":"https:\/\/alakran.ch\/en\/about\/oscar-gomez-mata\/","title":{"rendered":"","raw":""},"content":{"rendered":"","protected":false,"raw":""},"excerpt":{"rendered":"","protected":false,"raw":""},"author":2,"featured_media":1045,"parent":716,"menu_order":2,"comment_status":"closed","ping_status":"closed","template":"","meta":{"_fr_post_content":"<p class=\"p1\">Metteur en sc\u00e8ne et acteur, mais aussi auteur et sc\u00e9nographe, Oscar G\u00f3mez Mata a commenc\u00e9 son activit\u00e9 th\u00e9\u00e2trale en Espagne en 1987, o\u00f9 il a cofond\u00e9 la Compagnie Legale\u00f3n-T, avec laquelle il a cr\u00e9\u00e9 plusieurs spectacles jusqu\u2019en 1996. En 1997, il fonde la compagnie L\u2019Alakran \u00e0 Gen\u00e8ve, dont il est le directeur artistique et pour laquelle il est responsable de la mise en sc\u00e8ne, de la conception, de la dramaturgie et des textes. Il participe \u00e9galement \u00e0 certaines de ces cr\u00e9ations, qui sont coproduites par des th\u00e9\u00e2tres suisses et \u00e9trangers et tournent sur des sc\u00e8nes en France, en Espagne, en Italie, au Portugal et en Am\u00e9rique latine. Oscar G\u00f3mez Mata, en tant que p\u00e9dagogue, est charg\u00e9 de cours du module <i>Pr\u00e9sence : Penser l'action<\/i> \u00e0 la Manufacture \u2013 Haute \u00c9cole des arts de la sc\u00e8ne \u2013 Lausanne, depuis 2012.<span class=\"Apple-converted-space\"> \u00a0<\/span>Avec la collaboration d'Yvanne Chapuis, la technique d'enseignement qu'il a d\u00e9velopp\u00e9 durant ces ann\u00e9es a pu \u00eatre mise par \u00e9crit dans l'ouvrage <i>Penser l'action, un syst\u00e8me d'entra\u00eenement de l'acteur\u00b7rice. <\/i>Il a \u00e9galement travaill\u00e9 en tant que formateur et enseignant, entre autres structures, \u00e0 l\u2019\u00e9cole Serge Martin, dans le cadre des Chantiers nomades (structure de formation continue pour les professionnels des arts du spectacle), ainsi que dans le cadre du Master en pratique des arts du spectacle et culture visuelle organis\u00e9 par l\u2019Universit\u00e9 d\u2019Alcal\u00e1 \u2013 Madrid. En 2018, il a \u00e9t\u00e9 laur\u00e9at du Prix suisse du th\u00e9\u00e2tre. Il a \u00e9t\u00e9 artiste associ\u00e9 au Th\u00e9\u00e2tre Saint-Gervais \u00e0 Gen\u00e8ve de 1999 \u00e0 2005, au SUBS \u00e0 Lyon en 2006 et derni\u00e8rement \u00e0 Azkuna Zentroa Alh\u00f3ndiga Bilbao pour les ann\u00e9es 2019-2022.<\/p>","_fr_post_name":"oscar-gomez-mata","_fr_post_excerpt":"","_fr_post_title":"Oscar G\u00f3mez Mata","_en_post_content":"","_en_post_name":"","_en_post_excerpt":"","_en_post_title":"","edit_language":"en"},"_links":{"self":[{"href":"https:\/\/alakran.ch\/en\/wp-json\/wp\/v2\/pages\/743"}],"collection":[{"href":"https:\/\/alakran.ch\/en\/wp-json\/wp\/v2\/pages"}],"about":[{"href":"https:\/\/alakran.ch\/en\/wp-json\/wp\/v2\/types\/page"}],"author":[{"embeddable":true,"href":"https:\/\/alakran.ch\/en\/wp-json\/wp\/v2\/users\/2"}],"replies":[{"embeddable":true,"href":"https:\/\/alakran.ch\/en\/wp-json\/wp\/v2\/comments?post=743"}],"version-history":[{"count":10,"href":"https:\/\/alakran.ch\/en\/wp-json\/wp\/v2\/pages\/743\/revisions"}],"predecessor-version":[{"id":1850,"href":"https:\/\/alakran.ch\/en\/wp-json\/wp\/v2\/pages\/743\/revisions\/1850"}],"up":[{"embeddable":true,"href":"https:\/\/alakran.ch\/en\/wp-json\/wp\/v2\/pages\/716"}],"wp:featuredmedia":[{"embeddable":true,"href":"https:\/\/alakran.ch\/en\/wp-json\/wp\/v2\/media\/1045"}],"wp:attachment":[{"href":"https:\/\/alakran.ch\/en\/wp-json\/wp\/v2\/media?parent=743"}],"curies":[{"name":"wp","href":"https:\/\/api.w.org\/{rel}","templated":true}]}}